{"id":1042,"date":"2024-10-17T11:48:22","date_gmt":"2024-10-17T10:48:22","guid":{"rendered":"https:\/\/www.zavod-voluntariat.si\/kontakt\/"},"modified":"2026-01-21T13:10:26","modified_gmt":"2026-01-21T12:10:26","slug":"contact","status":"publish","type":"page","link":"https:\/\/www.zavod-voluntariat.si\/en\/contact\/","title":{"rendered":"Contact"},"content":{"rendered":"<div class=\"wpb-content-wrapper\"><p>[vc_row full_width=&#8221;stretch_row_content_no_spaces&#8221; el_class=&#8221;sp-page-title&#8221;][vc_column]\t\t\n\t\t<div class=\"title-banner\" style=\"background-image: linear-gradient(rgba(0, 0, 0, 0.0),rgba(0, 0, 0, 0.0)),url();\">\n\t\t\t<div class=\"container\">\n\t\t\t\t<div class=\"breadcrumbs-container\">\n\t\t\t\t\t\t<div class=\"breadcrumbs\">\n\t\t\t\t\t\t\t\n\t<ul class=\"ns-breadcrumbs\">\n\t\t\t<li><a href=\"https:\/\/www.zavod-voluntariat.si\/en\/\">Home<\/a><\/li>\n\t\t\t\t<li>Contact<\/li>\n\t<\/ul>\n\t\n\t\t\t\t\t\t\t\t<div class=\"clearfix\"><\/div>\n\t\t\t\t\t\t<\/div>\n\t\t\t\t<\/div>\n\t\t\t\t\t\t\t\t\t<h1 class=\"entry-title\">Contact<\/h1>\n\t\t\t\t\t\t\t<\/div>\n\t\t<\/div>\n\n\t\t[\/vc_column][\/vc_row][vc_row el_class=&#8221;sp-kontakt-sec-1&#8243;][vc_column width=&#8221;5\/12&#8243; el_class=&#8221;col-left&#8221;][vc_single_image image=&#8221;322&#8243;]\t\t\r\n\t\t<p class=\"info \">Zavod Voluntariat<br>\r\nBe\u017eigrad 6,<br>\r\nLjubljana 1000, Slovenija<\/p>\r\n\r\n\t\t[vc_empty_space height=&#8221;12px&#8221;]\r\n\t\t<div class=\"wpb_raw_code wpb_content_element wpb_raw_html phone-general  \">\r\n      <div class=\"wpb_wrapper\">\r\n                              <a href=\"tel:+386 31 813 939\">\r\n                            <svg width=\"18\" height=\"18\" viewBox=\"0 0 18 18\" fill=\"none\" xmlns=\"http:\/\/www.w3.org\/2000\/svg\">\r\n<path d=\"M18 13.42V16.956C18.0001 17.2092 17.9042 17.453 17.7316 17.6382C17.559 17.8234 17.3226 17.9363 17.07 17.954C16.6333 17.9847 16.2767 18 16 18C7.163 18 0 10.837 0 2C0 1.724 0.0153333 1.36733 0.046 0.93C0.0637224 0.677444 0.176581 0.441011 0.361804 0.268409C0.547026 0.0958068 0.790823 -0.000114433 1.044 2.56579e-07H4.58C4.70404 -0.000125334 4.8237 0.045859 4.91573 0.12902C5.00776 0.212182 5.0656 0.326583 5.078 0.45C5.10067 0.679334 5.122 0.863333 5.142 1.002C5.34072 2.38893 5.74799 3.73784 6.35 5.003C6.445 5.203 6.383 5.442 6.203 5.57L4.045 7.112C5.36471 10.1863 7.81472 12.6363 10.889 13.956L12.429 11.802C12.4917 11.7137 12.5835 11.6503 12.6883 11.6231C12.7932 11.5958 12.9042 11.6064 13.002 11.653C14.267 12.2539 15.6156 12.6601 17.002 12.858C17.1407 12.878 17.324 12.8993 17.552 12.922C17.6752 12.9346 17.7894 12.9926 17.8724 13.0846C17.9553 13.1766 18.0002 13.2961 18 13.42Z\" fill=\"#A6CE39\"\/>\r\n<\/svg> \r\n                            <span>\r\n                                  <span class='hide-mobile'><\/span><span class='inner-contents'>+386 31 813 939<\/span>\r\n                    \r\n                            <\/span>\r\n                <\/a>\r\n              <\/div>\r\n    <\/div>\r\n\r\n\t\t\r\n\t\t<div class=\"wpb_raw_code wpb_content_element wpb_raw_html phone-general  \">\r\n      <div class=\"wpb_wrapper\">\r\n                              <a href=\"tel:+386 1 239 16 23\">\r\n                            <svg width=\"18\" height=\"18\" viewBox=\"0 0 18 18\" fill=\"none\" xmlns=\"http:\/\/www.w3.org\/2000\/svg\">\r\n<path d=\"M18 13.42V16.956C18.0001 17.2092 17.9042 17.453 17.7316 17.6382C17.559 17.8234 17.3226 17.9363 17.07 17.954C16.6333 17.9847 16.2767 18 16 18C7.163 18 0 10.837 0 2C0 1.724 0.0153333 1.36733 0.046 0.93C0.0637224 0.677444 0.176581 0.441011 0.361804 0.268409C0.547026 0.0958068 0.790823 -0.000114433 1.044 2.56579e-07H4.58C4.70404 -0.000125334 4.8237 0.045859 4.91573 0.12902C5.00776 0.212182 5.0656 0.326583 5.078 0.45C5.10067 0.679334 5.122 0.863333 5.142 1.002C5.34072 2.38893 5.74799 3.73784 6.35 5.003C6.445 5.203 6.383 5.442 6.203 5.57L4.045 7.112C5.36471 10.1863 7.81472 12.6363 10.889 13.956L12.429 11.802C12.4917 11.7137 12.5835 11.6503 12.6883 11.6231C12.7932 11.5958 12.9042 11.6064 13.002 11.653C14.267 12.2539 15.6156 12.6601 17.002 12.858C17.1407 12.878 17.324 12.8993 17.552 12.922C17.6752 12.9346 17.7894 12.9926 17.8724 13.0846C17.9553 13.1766 18.0002 13.2961 18 13.42Z\" fill=\"#A6CE39\"\/>\r\n<\/svg> \r\n                            <span>\r\n                                  <span class='hide-mobile'><\/span><span class='inner-contents'>+386 1 239 16 23<\/span>\r\n                    \r\n                            <\/span>\r\n                <\/a>\r\n              <\/div>\r\n    <\/div>\r\n\r\n\t\t\t\t\r\n\t\t<div class=\"wpb_raw_code wpb_content_element wpb_raw_html phone-general  \">\r\n      <div class=\"wpb_wrapper\">\r\n             <a href=\"&#x6d;ai&#x6c;&#116;o&#x3a;&#105;n&#x66;&#111;&#64;&#x7a;&#97;v&#x6f;&#x64;-&#x76;&#x6f;l&#x75;&#x6e;t&#x61;&#x72;ia&#x74;&#46;s&#x69;\">\r\n                    <svg width=\"20\" height=\"16\" viewBox=\"0 0 20 16\" fill=\"none\" xmlns=\"http:\/\/www.w3.org\/2000\/svg\">\r\n<path fill-rule=\"evenodd\" clip-rule=\"evenodd\" d=\"M3 16C2.20435 16 1.44129 15.6839 0.87868 15.1213C0.316071 14.5587 0 13.7956 0 13V3C0 2.20435 0.316071 1.44129 0.87868 0.87868C1.44129 0.316071 2.20435 0 3 0H17C17.7956 0 18.5587 0.316071 19.1213 0.87868C19.6839 1.44129 20 2.20435 20 3V13C20 13.7956 19.6839 14.5587 19.1213 15.1213C18.5587 15.6839 17.7956 16 17 16H3ZM5.625 4.22C5.52313 4.13302 5.40483 4.06739 5.27711 4.027C5.1494 3.98662 5.01487 3.97231 4.88151 3.98491C4.74816 3.99752 4.61869 4.03679 4.50081 4.1004C4.38292 4.164 4.27901 4.25064 4.19525 4.35517C4.11149 4.4597 4.04959 4.58 4.01321 4.70891C3.97684 4.83783 3.96673 4.97274 3.9835 5.10564C4.00026 5.23853 4.04356 5.36671 4.11081 5.48255C4.17806 5.59839 4.2679 5.69954 4.375 5.78L8.125 8.781C8.65709 9.20701 9.31838 9.43913 10 9.43913C10.6816 9.43913 11.3429 9.20701 11.875 8.781L15.625 5.781C15.7276 5.69892 15.813 5.59745 15.8763 5.48237C15.9396 5.3673 15.9797 5.24087 15.9942 5.11031C16.0087 4.97975 15.9973 4.84762 15.9607 4.72145C15.9241 4.59529 15.8631 4.47756 15.781 4.375C15.6989 4.27244 15.5974 4.18705 15.4824 4.1237C15.3673 4.06035 15.2409 4.02029 15.1103 4.00581C14.9798 3.99132 14.8476 4.00269 14.7215 4.03927C14.5953 4.07585 14.4776 4.13692 14.375 4.219L10.625 7.219C10.4476 7.361 10.2272 7.43838 10 7.43838C9.77279 7.43838 9.55236 7.361 9.375 7.219L5.625 4.22Z\" fill=\"#A6CE39\"\/>\r\n<\/svg> \r\n                    <span>\r\n                          <span class='hide-mobile'><\/span><span class='inner-contents'>&#105;n&#x66;o&#x40;z&#x61;&#118;&#x6f;&#100;-&#x76;o&#x6c;u&#x6e;t&#x61;&#114;&#x69;&#97;t&#x2e;s&#x69;<\/span>\r\n            \r\n                    <\/span>\r\n            <\/a>\r\n      <\/div>\r\n    <\/div>\r\n\r\n\t\t[vc_empty_space height=&#8221;12px&#8221;][vc_column_text]Dav\u010dna \u0161tevilka: 31620795<br \/>\nMati\u010dna \u0161tevilka: 1483668000[\/vc_column_text][\/vc_column][vc_column width=&#8221;7\/12&#8243; el_class=&#8221;col-right&#8221;]\n<div class=\"wpcf7 no-js\" id=\"wpcf7-f1135-o1\" lang=\"sl-SI\" dir=\"ltr\">\n<div class=\"screen-reader-response\"><p role=\"status\" aria-live=\"polite\" aria-atomic=\"true\"><\/p> <ul><\/ul><\/div>\n<form action=\"\/en\/wp-json\/wp\/v2\/pages\/1042#wpcf7-f1135-o1\" method=\"post\" class=\"wpcf7-form init\" aria-label=\"Contact form\" novalidate=\"novalidate\" data-status=\"init\">\n<div style=\"display: none;\">\n<input type=\"hidden\" name=\"_wpcf7\" value=\"1135\" \/>\n<input type=\"hidden\" name=\"_wpcf7_version\" value=\"5.9.8\" \/>\n<input type=\"hidden\" name=\"_wpcf7_locale\" value=\"sl_SI\" \/>\n<input type=\"hidden\" name=\"_wpcf7_unit_tag\" value=\"wpcf7-f1135-o1\" \/>\n<input type=\"hidden\" name=\"_wpcf7_container_post\" value=\"0\" \/>\n<input type=\"hidden\" name=\"_wpcf7_posted_data_hash\" value=\"\" \/>\n<input type=\"hidden\" name=\"_wpcf7_recaptcha_response\" value=\"\" \/>\n<\/div>\n<h3>Contact Form\n<\/h3>\n<p>Contact us, and we will respond as soon as possible.\n<\/p>\n<div id=\"ns-contact-field\">\n\t<p><span class=\"wpcf7-form-control-wrap\" data-name=\"ns-field\"><input size=\"40\" maxlength=\"400\" class=\"wpcf7-form-control wpcf7-text\" aria-invalid=\"false\" value=\"\" type=\"text\" name=\"ns-field\" \/><\/span>\n\t<\/p>\n<\/div>\n<p class=\"p-input\"><span class=\"wpcf7-form-control-wrap\" data-name=\"your-name\"><input size=\"40\" maxlength=\"400\" class=\"wpcf7-form-control wpcf7-text wpcf7-validates-as-required\" aria-required=\"true\" aria-invalid=\"false\" placeholder=\"First and Last Name *\" value=\"\" type=\"text\" name=\"your-name\" \/><\/span>\n<\/p>\n<p class=\"p-input\"><span class=\"wpcf7-form-control-wrap\" data-name=\"your-email\"><input size=\"40\" maxlength=\"400\" class=\"wpcf7-form-control wpcf7-email wpcf7-validates-as-required wpcf7-text wpcf7-validates-as-email\" aria-required=\"true\" aria-invalid=\"false\" placeholder=\"Email *\" value=\"\" type=\"email\" name=\"your-email\" \/><\/span>\n<\/p>\n<p class=\"p-input\"><span class=\"wpcf7-form-control-wrap\" data-name=\"your-tel\"><input size=\"40\" maxlength=\"400\" class=\"wpcf7-form-control wpcf7-text wpcf7-validates-as-required\" aria-required=\"true\" aria-invalid=\"false\" placeholder=\"Phone *\" value=\"\" type=\"text\" name=\"your-tel\" \/><\/span>\n<\/p>\n<p class=\"p-input\"><span class=\"wpcf7-form-control-wrap\" data-name=\"your-message\"><textarea cols=\"40\" rows=\"10\" maxlength=\"2000\" class=\"wpcf7-form-control wpcf7-textarea\" aria-invalid=\"false\" placeholder=\"Message...\" name=\"your-message\"><\/textarea><\/span>\n<\/p>\n<p><span class=\"wpcf7-form-control-wrap\" data-name=\"your-gdpr\"><span class=\"wpcf7-form-control wpcf7-checkbox wpcf7-validates-as-required\"><span class=\"wpcf7-list-item first last\"><input type=\"checkbox\" name=\"your-gdpr[]\" value=\"*\" \/><span class=\"wpcf7-list-item-label\">*<\/span><\/span><\/span><\/span> I agree that Zavod Voluntariat stores the personal data from this form for internal use and communication with me regarding the submitted request. The user can request the deletion of personal data via email at <a href=\"&#x6d;ai&#x6c;&#116;o&#x3a;&#105;n&#x66;&#x6f;&#64;&#x7a;&#x61;vo&#x64;&#45;v&#x6f;&#108;u&#x6e;&#x74;a&#x72;&#x69;at&#x2e;si\">&#105;n&#x66;o&#x40;z&#x61;v&#x6f;d&#x2d;v&#x6f;l&#x75;n&#x74;a&#x72;&#105;&#x61;&#116;&#x2e;&#115;&#x69;<\/a>.\n<\/p>\n<p><input class=\"wpcf7-form-control wpcf7-submit has-spinner\" type=\"submit\" value=\"Send\" \/>\n<\/p><div class=\"wpcf7-response-output\" aria-hidden=\"true\"><\/div>\n<\/form>\n<\/div>\n[\/vc_column][\/vc_row][vc_row el_class=&#8221;employees-row&#8221;][vc_column][vc_column_text css=&#8221;&#8221;]<\/p>\n<h2>Our team<\/h2>\n<p>[\/vc_column_text][vc_column_text css=&#8221;&#8221;]Voluntariat&#8217;s driving forces have an international flavour and are refreshed with new energy every year.[\/vc_column_text][vc_column_text css=&#8221;&#8221;]We believe that volunteering is not just an act, but a way of life that leads to greater social cohesion, ecological responsibility and global understanding. Through activities that connect the local and the global, we empower young people and disadvantaged groups to engage in meaningful volunteering projects that have a positive impact on their future and on society as a whole.[\/vc_column_text][vc_column_text css=&#8221;&#8221;]<\/p>\n<h2>Email Contacts<\/h2>\n<p>[\/vc_column_text][\/vc_column][\/vc_row][vc_row][vc_column width=&#8221;1\/3&#8243;][vc_column_text css=&#8221;&#8221;]Katja Celin Yere<br \/>\ndirector<br \/>\n<strong>&#105;&#x6e;f&#x6f;&#64;&#x7a;a&#x76;o&#100;&#x2d;&#118;&#x6f;l&#x75;n&#x74;a&#114;&#x69;&#97;&#x74;.&#x73;i<\/strong><\/p>\n<p>\u0160pela Krasko Gerbec<br \/>\nchairperson of the institute&#8217;s council<br \/>\n<strong>sp&#101;&#x6c;&#x61;.k&#114;&#x61;&#x73;&#x6b;o.&#103;&#x65;&#x72;be&#99;&#x40;&#x67;&#x6d;ai&#108;&#x2e;&#x63;om<\/strong>[\/vc_column_text][\/vc_column][vc_column width=&#8221;1\/3&#8243;][vc_column_text css=&#8221;&#8221;]Sara Turk<br \/>\nmanager of youth programs<br \/>\n<strong>&#x70;&#x72;&#x6f;&#x67;&#114;&#97;mi&#64;&#x7a;&#x61;&#x76;&#x6f;&#x64;&#45;&#118;olu&#x6e;&#x74;&#x61;&#x72;&#x69;&#97;&#116;.si<\/strong><\/p>\n<p>Maja Domini\u010d<br \/>\ncoordinator of international projects and volunteers<br \/>\n<strong>koordinacija&#64;zavod-voluntariat.si<\/strong>[\/vc_column_text][\/vc_column][vc_column width=&#8221;1\/3&#8243;][vc_column_text css=&#8221;&#8221;]Aleksandra Ja\u0107imovi\u0107<br \/>\nplacement officer<br \/>\n<strong>p&#x6c;&#x61;c&#101;&#x6d;e&#110;&#x74;&#x40;z&#x61;&#x76;o&#100;&#x2d;v&#111;&#x6c;&#x75;n&#x74;&#x61;r&#105;&#x61;t&#46;&#x73;&#x69;<\/strong><\/p>\n<p>Mathilda Ziehm<br \/>\ngraphic design support<br \/>\n<strong>v&#111;&#x6c;un&#x74;&#x65;e&#114;&#x40;&#x7a;a&#118;&#x6f;d-&#x76;&#x6f;l&#117;&#x6e;&#x74;a&#114;&#x69;at&#x2e;&#x73;i<\/strong>[\/vc_column_text][\/vc_column][\/vc_row][vc_row full_width=&#8221;stretch_row_content_no_spaces&#8221; el_class=&#8221;sp-kontakt-sec-3&#8243;][vc_column][vc_gmaps link=&#8221;#E-8_JTNDaWZyYW1lJTIwc3JjJTNEJTIyaHR0cHMlM0ElMkYlMkZ3d3cuZ29vZ2xlLmNvbSUyRm1hcHMlMkZlbWJlZCUzRnBiJTNEJTIxMW0xOCUyMTFtMTIlMjExbTMlMjExZDE2NDk1LjQyNTMwMTAyMTY2MyUyMTJkMTQuNTAyMTU2NTUzMjgxMzI2JTIxM2Q0Ni4wNjUyOTc5MDU1MDk3MSUyMTJtMyUyMTFmMCUyMTJmMCUyMTNmMCUyMTNtMiUyMTFpMTAyNCUyMTJpNzY4JTIxNGYxMy4xJTIxM20zJTIxMW0yJTIxMXMweDQ3NjUzMjlkZDhjMmQzYmIlMjUzQTB4YmE1OTUzMDlmMTVkYTMzNSUyMTJzWmF2b2QlMjUyMFZvbHVudGFyaWF0JTIxNWUwJTIxM20yJTIxMXNlbiUyMTJzZGUlMjE0djE3MjkxNjI0MjczODclMjE1bTIlMjExc2VuJTIxMnNkZSUyMiUyMHdpZHRoJTNEJTIyNjAwJTIyJTIwaGVpZ2h0JTNEJTIyNDUwJTIyJTIwc3R5bGUlM0QlMjJib3JkZXIlM0EwJTNCJTIyJTIwYWxsb3dmdWxsc2NyZWVuJTNEJTIyJTIyJTIwbG9hZGluZyUzRCUyMmxhenklMjIlMjByZWZlcnJlcnBvbGljeSUzRCUyMm5vLXJlZmVycmVyLXdoZW4tZG93bmdyYWRlJTIyJTNFJTNDJTJGaWZyYW1lJTNF&#8221; el_class=&#8221;sp-kontakt-sec-3&#8243;][\/vc_column][\/vc_row]<\/p>\n<\/div>","protected":false},"excerpt":{"rendered":"<p>[vc_row full_width=&#8221;stretch_row_content_no_spaces&#8221; el_class=&#8221;sp-page-title&#8221;][vc_column][\/vc_column][\/vc_row][vc_row el_class=&#8221;sp-kontakt-sec-1&#8243;][vc_column width=&#8221;5\/12&#8243; el_class=&#8221;col-left&#8221;][vc_single_image image=&#8221;322&#8243;][vc_empty_space height=&#8221;12px&#8221;][vc_empty_space height=&#8221;12px&#8221;][vc_column_text]Dav\u010dna \u0161tevilka: 31620795 Mati\u010dna \u0161tevilka: 1483668000[\/vc_column_text][\/vc_column][vc_column width=&#8221;7\/12&#8243; el_class=&#8221;col-right&#8221;][\/vc_column][\/vc_row][vc_row el_class=&#8221;employees-row&#8221;][vc_column][vc_column_text css=&#8221;&#8221;] Our team [\/vc_column_text][vc_column_text css=&#8221;&#8221;]Voluntariat&#8217;s driving forces have an international flavour and are refreshed with new energy every year.[\/vc_column_text][vc_column_text css=&#8221;&#8221;]We believe that volunteering is not just an act, but a way of life that leads to greater social cohesion, ecological responsibility and global understanding. Through activities that connect the local and the global, we empower young people and disadvantaged groups to engage in meaningful volunteering projects that have a positive impact on their future and on society as a whole.[\/vc_column_text][vc_column_text css=&#8221;&#8221;] Email Contacts [\/vc_column_text][\/vc_column][\/vc_row][vc_row][vc_column width=&#8221;1\/3&#8243;][vc_column_text css=&#8221;&#8221;]Katja Celin Yere director &#x69;&#110;fo&#x40;&#x7a;av&#x6f;&#x64;-v&#x6f;&#x6c;&#117;n&#x74;&#x61;&#114;i&#x61;&#x74;&#46;s&#x69; \u0160pela Krasko Gerbec chairperson of the institute&#8217;s council s&#112;&#x65;&#x6c;a.&#x6b;&#x72;as&#107;&#x6f;&#x2e;g&#101;&#x72;&#x62;ec&#x40;&#x67;ma&#105;&#x6c;&#x2e;c&#111;&#x6d;[\/vc_column_text][\/vc_column][vc_column width=&#8221;1\/3&#8243;][vc_column_text css=&#8221;&#8221;]Sara Turk manager [&hellip;]<\/p>\n","protected":false},"author":1,"featured_media":0,"parent":0,"menu_order":7,"comment_status":"closed","ping_status":"closed","template":"","meta":{"footnotes":""},"class_list":["post-1042","page","type-page","status-publish","hentry"],"yoast_head":"<!-- This site is optimized with the Yoast SEO plugin v21.3 - https:\/\/yoast.com\/wordpress\/plugins\/seo\/ -->\n<title>Contact - INSTITUTE for international volunteering VOLUNTARIAT<\/title>\n<meta name=\"description\" content=\"Dav\u010dna \u0161tevilka: 31620795 Mati\u010dna \u0161tevilka: 1483668000 Our team Voluntariat&#039;s driving forces have an international flavour and are refreshed with new energy every year.We believe that volunteering is not just an\" \/>\n<meta name=\"robots\" content=\"index, follow, max-snippet:-1, max-image-preview:large, max-video-preview:-1\" \/>\n<link rel=\"canonical\" href=\"https:\/\/www.zavod-voluntariat.si\/en\/contact\/\" \/>\n<meta property=\"og:locale\" content=\"en_US\" \/>\n<meta property=\"og:type\" content=\"article\" \/>\n<meta property=\"og:title\" content=\"Contact - INSTITUTE for international volunteering VOLUNTARIAT\" \/>\n<meta property=\"og:description\" content=\"[vc_row full_width=&#8221;stretch_row_content_no_spaces&#8221; el_class=&#8221;sp-page-title&#8221;][vc_column][\/vc_column][\/vc_row][vc_row el_class=&#8221;sp-kontakt-sec-1&#8243;][vc_column width=&#8221;5\/12&#8243; el_class=&#8221;col-left&#8221;][vc_single_image image=&#8221;322&#8243;][vc_empty_space height=&#8221;12px&#8221;][vc_empty_space height=&#8221;12px&#8221;][vc_column_text]Dav\u010dna \u0161tevilka: 31620795 Mati\u010dna \u0161tevilka: 1483668000[\/vc_column_text][\/vc_column][vc_column width=&#8221;7\/12&#8243; el_class=&#8221;col-right&#8221;][\/vc_column][\/vc_row][vc_row el_class=&#8221;employees-row&#8221;][vc_column][vc_column_text css=&#8221;&#8221;] Our team [\/vc_column_text][vc_column_text css=&#8221;&#8221;]Voluntariat&#8217;s driving forces have an international flavour and are refreshed with new energy every year.[\/vc_column_text][vc_column_text css=&#8221;&#8221;]We believe that volunteering is not just an act, but a way of life that leads to greater social cohesion, ecological responsibility and global understanding. Through activities that connect the local and the global, we empower young people and disadvantaged groups to engage in meaningful volunteering projects that have a positive impact on their future and on society as a whole.[\/vc_column_text][vc_column_text css=&#8221;&#8221;] Email Contacts [\/vc_column_text][\/vc_column][\/vc_row][vc_row][vc_column width=&#8221;1\/3&#8243;][vc_column_text css=&#8221;&#8221;]Katja Celin Yere director i&#110;&#x66;&#x6f;&#x40;z&#097;&#x76;&#x6f;&#x64;-&#118;&#x6f;&#x6c;&#x75;n&#116;&#x61;&#x72;&#x69;a&#116;&#x2e;&#x73;&#x69; \u0160pela Krasko Gerbec chairperson of the institute&#8217;s council &#115;&#x70;&#101;&#x6c;&#097;&#x2e;&#107;&#x72;&#097;&#x73;&#107;&#x6f;&#046;&#x67;&#101;&#x72;&#098;&#x65;&#099;&#x40;&#103;&#x6d;&#097;&#x69;&#108;&#x2e;&#099;&#x6f;&#109;[\/vc_column_text][\/vc_column][vc_column width=&#8221;1\/3&#8243;][vc_column_text css=&#8221;&#8221;]Sara Turk manager [&hellip;]\" \/>\n<meta property=\"og:url\" content=\"https:\/\/www.zavod-voluntariat.si\/en\/contact\/\" \/>\n<meta property=\"og:site_name\" content=\"INSTITUTE for international volunteering VOLUNTARIAT\" \/>\n<meta property=\"article:modified_time\" content=\"2026-01-21T12:10:26+00:00\" \/>\n<meta name=\"twitter:card\" content=\"summary_large_image\" \/>\n<meta name=\"twitter:label1\" content=\"Est. reading time\" \/>\n\t<meta name=\"twitter:data1\" content=\"1 minute\" \/>\n<script type=\"application\/ld+json\" class=\"yoast-schema-graph\">{\"@context\":\"https:\/\/schema.org\",\"@graph\":[{\"@type\":\"WebPage\",\"@id\":\"https:\/\/www.zavod-voluntariat.si\/en\/contact\/\",\"url\":\"https:\/\/www.zavod-voluntariat.si\/en\/contact\/\",\"name\":\"Contact - INSTITUTE for international volunteering VOLUNTARIAT\",\"isPartOf\":{\"@id\":\"https:\/\/www.zavod-voluntariat.si\/#website\"},\"datePublished\":\"2024-10-17T10:48:22+00:00\",\"dateModified\":\"2026-01-21T12:10:26+00:00\",\"breadcrumb\":{\"@id\":\"https:\/\/www.zavod-voluntariat.si\/en\/contact\/#breadcrumb\"},\"inLanguage\":\"en-US\",\"potentialAction\":[{\"@type\":\"ReadAction\",\"target\":[\"https:\/\/www.zavod-voluntariat.si\/en\/contact\/\"]}]},{\"@type\":\"BreadcrumbList\",\"@id\":\"https:\/\/www.zavod-voluntariat.si\/en\/contact\/#breadcrumb\",\"itemListElement\":[{\"@type\":\"ListItem\",\"position\":1,\"name\":\"Home\",\"item\":\"https:\/\/www.zavod-voluntariat.si\/en\/\"},{\"@type\":\"ListItem\",\"position\":2,\"name\":\"Contact\"}]},{\"@type\":\"WebSite\",\"@id\":\"https:\/\/www.zavod-voluntariat.si\/#website\",\"url\":\"https:\/\/www.zavod-voluntariat.si\/\",\"name\":\"INSTITUTE for international volunteering VOLUNTARIAT\",\"description\":\"\",\"potentialAction\":[{\"@type\":\"SearchAction\",\"target\":{\"@type\":\"EntryPoint\",\"urlTemplate\":\"https:\/\/www.zavod-voluntariat.si\/?s={search_term_string}\"},\"query-input\":\"required name=search_term_string\"}],\"inLanguage\":\"en-US\"}]}<\/script>\n<!-- \/ Yoast SEO plugin. -->","yoast_head_json":{"title":"Contact - INSTITUTE for international volunteering VOLUNTARIAT","description":"Dav\u010dna \u0161tevilka: 31620795 Mati\u010dna \u0161tevilka: 1483668000 Our team Voluntariat's driving forces have an international flavour and are refreshed with new energy every year.We believe that volunteering is not just an","robots":{"index":"index","follow":"follow","max-snippet":"max-snippet:-1","max-image-preview":"max-image-preview:large","max-video-preview":"max-video-preview:-1"},"canonical":"https:\/\/www.zavod-voluntariat.si\/en\/contact\/","og_locale":"en_US","og_type":"article","og_title":"Contact - INSTITUTE for international volunteering VOLUNTARIAT","og_description":"[vc_row full_width=&#8221;stretch_row_content_no_spaces&#8221; el_class=&#8221;sp-page-title&#8221;][vc_column][\/vc_column][\/vc_row][vc_row el_class=&#8221;sp-kontakt-sec-1&#8243;][vc_column width=&#8221;5\/12&#8243; el_class=&#8221;col-left&#8221;][vc_single_image image=&#8221;322&#8243;][vc_empty_space height=&#8221;12px&#8221;][vc_empty_space height=&#8221;12px&#8221;][vc_column_text]Dav\u010dna \u0161tevilka: 31620795 Mati\u010dna \u0161tevilka: 1483668000[\/vc_column_text][\/vc_column][vc_column width=&#8221;7\/12&#8243; el_class=&#8221;col-right&#8221;][\/vc_column][\/vc_row][vc_row el_class=&#8221;employees-row&#8221;][vc_column][vc_column_text css=&#8221;&#8221;] Our team [\/vc_column_text][vc_column_text css=&#8221;&#8221;]Voluntariat&#8217;s driving forces have an international flavour and are refreshed with new energy every year.[\/vc_column_text][vc_column_text css=&#8221;&#8221;]We believe that volunteering is not just an act, but a way of life that leads to greater social cohesion, ecological responsibility and global understanding. Through activities that connect the local and the global, we empower young people and disadvantaged groups to engage in meaningful volunteering projects that have a positive impact on their future and on society as a whole.[\/vc_column_text][vc_column_text css=&#8221;&#8221;] Email Contacts [\/vc_column_text][\/vc_column][\/vc_row][vc_row][vc_column width=&#8221;1\/3&#8243;][vc_column_text css=&#8221;&#8221;]Katja Celin Yere director i&#110;&#x66;&#x6f;&#x40;z&#97;&#x76;&#x6f;&#x64;-&#118;&#x6f;&#x6c;&#x75;n&#116;&#x61;&#x72;&#x69;a&#116;&#x2e;&#x73;&#x69; \u0160pela Krasko Gerbec chairperson of the institute&#8217;s council &#115;&#x70;&#101;&#x6c;&#97;&#x2e;&#107;&#x72;&#97;&#x73;&#107;&#x6f;&#46;&#x67;&#101;&#x72;&#98;&#x65;&#99;&#x40;&#103;&#x6d;&#97;&#x69;&#108;&#x2e;&#99;&#x6f;&#109;[\/vc_column_text][\/vc_column][vc_column width=&#8221;1\/3&#8243;][vc_column_text css=&#8221;&#8221;]Sara Turk manager [&hellip;]","og_url":"https:\/\/www.zavod-voluntariat.si\/en\/contact\/","og_site_name":"INSTITUTE for international volunteering VOLUNTARIAT","article_modified_time":"2026-01-21T12:10:26+00:00","twitter_card":"summary_large_image","twitter_misc":{"Est. reading time":"1 minute"},"schema":{"@context":"https:\/\/schema.org","@graph":[{"@type":"WebPage","@id":"https:\/\/www.zavod-voluntariat.si\/en\/contact\/","url":"https:\/\/www.zavod-voluntariat.si\/en\/contact\/","name":"Contact - INSTITUTE for international volunteering VOLUNTARIAT","isPartOf":{"@id":"https:\/\/www.zavod-voluntariat.si\/#website"},"datePublished":"2024-10-17T10:48:22+00:00","dateModified":"2026-01-21T12:10:26+00:00","breadcrumb":{"@id":"https:\/\/www.zavod-voluntariat.si\/en\/contact\/#breadcrumb"},"inLanguage":"en-US","potentialAction":[{"@type":"ReadAction","target":["https:\/\/www.zavod-voluntariat.si\/en\/contact\/"]}]},{"@type":"BreadcrumbList","@id":"https:\/\/www.zavod-voluntariat.si\/en\/contact\/#breadcrumb","itemListElement":[{"@type":"ListItem","position":1,"name":"Home","item":"https:\/\/www.zavod-voluntariat.si\/en\/"},{"@type":"ListItem","position":2,"name":"Contact"}]},{"@type":"WebSite","@id":"https:\/\/www.zavod-voluntariat.si\/#website","url":"https:\/\/www.zavod-voluntariat.si\/","name":"INSTITUTE for international volunteering VOLUNTARIAT","description":"","potentialAction":[{"@type":"SearchAction","target":{"@type":"EntryPoint","urlTemplate":"https:\/\/www.zavod-voluntariat.si\/?s={search_term_string}"},"query-input":"required name=search_term_string"}],"inLanguage":"en-US"}]}},"_links":{"self":[{"href":"https:\/\/www.zavod-voluntariat.si\/en\/wp-json\/wp\/v2\/pages\/1042","targetHints":{"allow":["GET"]}}],"collection":[{"href":"https:\/\/www.zavod-voluntariat.si\/en\/wp-json\/wp\/v2\/pages"}],"about":[{"href":"https:\/\/www.zavod-voluntariat.si\/en\/wp-json\/wp\/v2\/types\/page"}],"author":[{"embeddable":true,"href":"https:\/\/www.zavod-voluntariat.si\/en\/wp-json\/wp\/v2\/users\/1"}],"replies":[{"embeddable":true,"href":"https:\/\/www.zavod-voluntariat.si\/en\/wp-json\/wp\/v2\/comments?post=1042"}],"version-history":[{"count":5,"href":"https:\/\/www.zavod-voluntariat.si\/en\/wp-json\/wp\/v2\/pages\/1042\/revisions"}],"predecessor-version":[{"id":2471,"href":"https:\/\/www.zavod-voluntariat.si\/en\/wp-json\/wp\/v2\/pages\/1042\/revisions\/2471"}],"wp:attachment":[{"href":"https:\/\/www.zavod-voluntariat.si\/en\/wp-json\/wp\/v2\/media?parent=1042"}],"curies":[{"name":"wp","href":"https:\/\/api.w.org\/{rel}","templated":true}]}}