{"id":1040,"date":"2024-10-17T11:58:53","date_gmt":"2024-10-17T10:58:53","guid":{"rendered":"https:\/\/www.zavod-voluntariat.si\/za-prostovoljce\/"},"modified":"2025-06-13T11:50:56","modified_gmt":"2025-06-13T10:50:56","slug":"for-volunteers","status":"publish","type":"page","link":"https:\/\/www.zavod-voluntariat.si\/en\/activities\/for-volunteers\/","title":{"rendered":"For volunteers"},"content":{"rendered":"<div class=\"wpb-content-wrapper\"><p>[vc_row full_width=&#8221;stretch_row_content_no_spaces&#8221; el_class=&#8221;sp-page-title&#8221;][vc_column]\t\t\n\t\t<div class=\"title-banner\" style=\"background-image: linear-gradient(rgba(0, 0, 0, 0.0),rgba(0, 0, 0, 0.0)),url();\">\n\t\t\t<div class=\"container\">\n\t\t\t\t<div class=\"breadcrumbs-container\">\n\t\t\t\t\t\t<div class=\"breadcrumbs\">\n\t\t\t\t\t\t\t\n\t<ul class=\"ns-breadcrumbs\">\n\t\t\t<li><a href=\"https:\/\/www.zavod-voluntariat.si\/en\/\">Home<\/a><\/li>\n\t\t\t\t\t<li><a href=\"https:\/\/www.zavod-voluntariat.si\/en\/activities\/\">Activities<\/a><\/li>\n\t\t\t\t<li>For volunteers<\/li>\n\t<\/ul>\n\t\n\t\t\t\t\t\t\t\t<div class=\"clearfix\"><\/div>\n\t\t\t\t\t\t<\/div>\n\t\t\t\t<\/div>\n\t\t\t\t\t\t\t\t\t<h1 class=\"entry-title\">For volunteers<\/h1>\n\t\t\t\t\t\t\t<\/div>\n\t\t<\/div>\n\n\t\t[\/vc_column][\/vc_row][vc_row][vc_column][vc_column_text css=&#8221;&#8221;]Voluntariat is continuously developing, adapting and expanding its activities to provide volunteers and other young people with opportunities for personal and professional growth in line with its mission and values, i.e. respecting social differences, diversity and the environment.[\/vc_column_text][\/vc_column][\/vc_row][vc_row][vc_column]          \n        \n              \n                  <div class=\"subcat-wrap subcat-wrap-slider\" id=\"69e08134b8992\">\n    \n\n                                    <div class=\"subcat-cont\">\n                          <a href=\"https:\/\/www.zavod-voluntariat.si\/en\/activities\/for-volunteers\/sci\/\" class=\"subcat-item\">\n                <div>\n\n                                  <div class=\"image\">\n                                                <img decoding=\"async\" src=\"https:\/\/www.zavod-voluntariat.si\/wp-content\/uploads\/2024\/10\/group-93.jpg\">\n                                            <img decoding=\"async\" class=\"ikona-strani\" src=\"\" alt=\"\">\n                    <\/div>\n                                    <div class=\"text\">\n                      <h2>SCI<\/h2>                      <p>Opportunities for short-term and long-term international volunteer work that promote a culture of peace and are open to all.<\/p>\n                    <\/div>\n                    \n                    <a href=\"https:\/\/www.zavod-voluntariat.si\/en\/activities\/for-volunteers\/sci\/\" class=\"subcat-item btn  btn-default btn-lg btn1\">\n                       Read more<svg xmlns=\"http:\/\/www.w3.org\/2000\/svg\" width=\"13.243\" height=\"13.501\" viewBox=\"0 0 13.243 13.501\">\n        <path id=\"Icon_ionic-ios-arrow-round-forward\" data-name=\"Icon ionic-ios-arrow-round-forward\" d=\"M20.784,11.51a.919.919,0,0,0-.007,1.294l4.275,4.282h-9.27a.914.914,0,0,0,0,1.828h9.263L20.77,23.2a.925.925,0,0,0,.007,1.294.91.91,0,0,0,1.287-.007l5.794-5.836h0a1.026,1.026,0,0,0,.19-.288.872.872,0,0,0,.07-.352.916.916,0,0,0-.26-.64l-5.794-5.836A.9.9,0,0,0,20.784,11.51Z\" transform=\"translate(-14.875 -11.252)\" fill=\"#0f499d\"\/>\n      <\/svg><\/a>\n                    <\/a> \n                <\/div>\n              <\/a>\n            <\/div>\n                                    <div class=\"subcat-cont\">\n                          <a href=\"https:\/\/www.zavod-voluntariat.si\/en\/activities\/for-volunteers\/club-of-volunteers\/\" class=\"subcat-item\">\n                <div>\n\n                                  <div class=\"image\">\n                                                <img decoding=\"async\" src=\"https:\/\/www.zavod-voluntariat.si\/wp-content\/uploads\/2024\/10\/group-80.jpg\">\n                                            <img decoding=\"async\" class=\"ikona-strani\" src=\"\" alt=\"\">\n                    <\/div>\n                                    <div class=\"text\">\n                      <h2>Club of Volunteers<\/h2>                      <p>Prostor za razvoj potencialov in karierno svetovanje v okviru mladinske mre\u017ee za karierni razvoj mladih.<\/p>\n                    <\/div>\n                    \n                    <a href=\"https:\/\/www.zavod-voluntariat.si\/en\/activities\/for-volunteers\/club-of-volunteers\/\" class=\"subcat-item btn  btn-default btn-lg btn1\">\n                       Read more<svg xmlns=\"http:\/\/www.w3.org\/2000\/svg\" width=\"13.243\" height=\"13.501\" viewBox=\"0 0 13.243 13.501\">\n        <path id=\"Icon_ionic-ios-arrow-round-forward\" data-name=\"Icon ionic-ios-arrow-round-forward\" d=\"M20.784,11.51a.919.919,0,0,0-.007,1.294l4.275,4.282h-9.27a.914.914,0,0,0,0,1.828h9.263L20.77,23.2a.925.925,0,0,0,.007,1.294.91.91,0,0,0,1.287-.007l5.794-5.836h0a1.026,1.026,0,0,0,.19-.288.872.872,0,0,0,.07-.352.916.916,0,0,0-.26-.64l-5.794-5.836A.9.9,0,0,0,20.784,11.51Z\" transform=\"translate(-14.875 -11.252)\" fill=\"#0f499d\"\/>\n      <\/svg><\/a>\n                    <\/a> \n                <\/div>\n              <\/a>\n            <\/div>\n                                    <div class=\"subcat-cont\">\n                          <a href=\"https:\/\/www.zavod-voluntariat.si\/en\/activities\/for-volunteers\/esc\/\" class=\"subcat-item\">\n                <div>\n\n                                  <div class=\"image\">\n                                                <img decoding=\"async\" src=\"https:\/\/www.zavod-voluntariat.si\/wp-content\/uploads\/2024\/10\/group-89.jpg\">\n                                            <img decoding=\"async\" class=\"ikona-strani\" src=\"\" alt=\"\">\n                    <\/div>\n                                    <div class=\"text\">\n                      <h2>ESC<\/h2>                      <p>Prilo\u017enosti kratkoro\u010dnega in dolgoro\u010dnega prostovoljnega dela za mlade med 18. in 30. letom starosti, ki \u017eelite sodelovati v solidarnostnih projektih na razli\u010dnih podro\u010djih.<\/p>\n                    <\/div>\n                    \n                    <a href=\"https:\/\/www.zavod-voluntariat.si\/en\/activities\/for-volunteers\/esc\/\" class=\"subcat-item btn  btn-default btn-lg btn1\">\n                       Read more<svg xmlns=\"http:\/\/www.w3.org\/2000\/svg\" width=\"13.243\" height=\"13.501\" viewBox=\"0 0 13.243 13.501\">\n        <path id=\"Icon_ionic-ios-arrow-round-forward\" data-name=\"Icon ionic-ios-arrow-round-forward\" d=\"M20.784,11.51a.919.919,0,0,0-.007,1.294l4.275,4.282h-9.27a.914.914,0,0,0,0,1.828h9.263L20.77,23.2a.925.925,0,0,0,.007,1.294.91.91,0,0,0,1.287-.007l5.794-5.836h0a1.026,1.026,0,0,0,.19-.288.872.872,0,0,0,.07-.352.916.916,0,0,0-.26-.64l-5.794-5.836A.9.9,0,0,0,20.784,11.51Z\" transform=\"translate(-14.875 -11.252)\" fill=\"#0f499d\"\/>\n      <\/svg><\/a>\n                    <\/a> \n                <\/div>\n              <\/a>\n            <\/div>\n                                    <div class=\"subcat-cont\">\n                          <a href=\"https:\/\/www.zavod-voluntariat.si\/en\/activities\/for-volunteers\/erasmus\/\" class=\"subcat-item\">\n                <div>\n\n                                  <div class=\"image\">\n                                                <img decoding=\"async\" src=\"https:\/\/www.zavod-voluntariat.si\/wp-content\/uploads\/2024\/10\/group-92.jpg\">\n                                            <img decoding=\"async\" class=\"ikona-strani\" src=\"\" alt=\"\">\n                    <\/div>\n                                    <div class=\"text\">\n                      <h2>Erasmus+<\/h2>                      <p>Kratkoro\u010dne prilo\u017enosti neformalnega u\u010denja v Sloveniji, Evropi in v njeni sose\u0161\u010dini za razli\u010dne starosti (mladinske izmenjave 13 -30 let, usposabljanja - od 18 let dalje).<\/p>\n                    <\/div>\n                    \n                    <a href=\"https:\/\/www.zavod-voluntariat.si\/en\/activities\/for-volunteers\/erasmus\/\" class=\"subcat-item btn  btn-default btn-lg btn1\">\n                       Read more<svg xmlns=\"http:\/\/www.w3.org\/2000\/svg\" width=\"13.243\" height=\"13.501\" viewBox=\"0 0 13.243 13.501\">\n        <path id=\"Icon_ionic-ios-arrow-round-forward\" data-name=\"Icon ionic-ios-arrow-round-forward\" d=\"M20.784,11.51a.919.919,0,0,0-.007,1.294l4.275,4.282h-9.27a.914.914,0,0,0,0,1.828h9.263L20.77,23.2a.925.925,0,0,0,.007,1.294.91.91,0,0,0,1.287-.007l5.794-5.836h0a1.026,1.026,0,0,0,.19-.288.872.872,0,0,0,.07-.352.916.916,0,0,0-.26-.64l-5.794-5.836A.9.9,0,0,0,20.784,11.51Z\" transform=\"translate(-14.875 -11.252)\" fill=\"#0f499d\"\/>\n      <\/svg><\/a>\n                    <\/a> \n                <\/div>\n              <\/a>\n            <\/div>\n                                    <div class=\"subcat-cont\">\n                          <a href=\"https:\/\/www.zavod-voluntariat.si\/en\/activities\/for-volunteers\/mreza-kroj\/\" class=\"subcat-item\">\n                <div>\n\n                                  <div class=\"image\">\n                                                <img decoding=\"async\" src=\"https:\/\/www.zavod-voluntariat.si\/wp-content\/uploads\/2024\/10\/group-90.jpg\">\n                                            <img decoding=\"async\" class=\"ikona-strani\" src=\"\" alt=\"\">\n                    <\/div>\n                                    <div class=\"text\">\n                      <h2>KROJ Network<\/h2>                      <p>Prostor za razvoj potencialov in karierno svetovanje v okviru mladinske mre\u017ee za karierni razvoj mladih.<\/p>\n                    <\/div>\n                    \n                    <a href=\"https:\/\/www.zavod-voluntariat.si\/en\/activities\/for-volunteers\/mreza-kroj\/\" class=\"subcat-item btn  btn-default btn-lg btn1\">\n                       Read more<svg xmlns=\"http:\/\/www.w3.org\/2000\/svg\" width=\"13.243\" height=\"13.501\" viewBox=\"0 0 13.243 13.501\">\n        <path id=\"Icon_ionic-ios-arrow-round-forward\" data-name=\"Icon ionic-ios-arrow-round-forward\" d=\"M20.784,11.51a.919.919,0,0,0-.007,1.294l4.275,4.282h-9.27a.914.914,0,0,0,0,1.828h9.263L20.77,23.2a.925.925,0,0,0,.007,1.294.91.91,0,0,0,1.287-.007l5.794-5.836h0a1.026,1.026,0,0,0,.19-.288.872.872,0,0,0,.07-.352.916.916,0,0,0-.26-.64l-5.794-5.836A.9.9,0,0,0,20.784,11.51Z\" transform=\"translate(-14.875 -11.252)\" fill=\"#0f499d\"\/>\n      <\/svg><\/a>\n                    <\/a> \n                <\/div>\n              <\/a>\n            <\/div>\n                                    <div class=\"subcat-cont\">\n                          <a href=\"https:\/\/www.zavod-voluntariat.si\/en\/activities\/for-volunteers\/humanitarian-aid-volunteering\/\" class=\"subcat-item\">\n                <div>\n\n                                  <div class=\"image\">\n                                                <img decoding=\"async\" src=\"https:\/\/www.zavod-voluntariat.si\/wp-content\/uploads\/2024\/10\/group-80.jpg\">\n                                            <img decoding=\"async\" class=\"ikona-strani\" src=\"\" alt=\"\">\n                    <\/div>\n                                    <div class=\"text\">\n                      <h2>Humanitarian Aid Volunteering<\/h2>                      <p>Gre za \u010dezmejne prostovoljske dejavnosti v podporo operacijam humanitarne pomo\u010di v dr\u017eavah izven EU za osebe stare med 18 in 35 let, ki \u017eivijo v dr\u017eavah EU.<\/p>\n                    <\/div>\n                    \n                    <a href=\"https:\/\/www.zavod-voluntariat.si\/en\/activities\/for-volunteers\/humanitarian-aid-volunteering\/\" class=\"subcat-item btn  btn-default btn-lg btn1\">\n                       Read more<svg xmlns=\"http:\/\/www.w3.org\/2000\/svg\" width=\"13.243\" height=\"13.501\" viewBox=\"0 0 13.243 13.501\">\n        <path id=\"Icon_ionic-ios-arrow-round-forward\" data-name=\"Icon ionic-ios-arrow-round-forward\" d=\"M20.784,11.51a.919.919,0,0,0-.007,1.294l4.275,4.282h-9.27a.914.914,0,0,0,0,1.828h9.263L20.77,23.2a.925.925,0,0,0,.007,1.294.91.91,0,0,0,1.287-.007l5.794-5.836h0a1.026,1.026,0,0,0,.19-.288.872.872,0,0,0,.07-.352.916.916,0,0,0-.26-.64l-5.794-5.836A.9.9,0,0,0,20.784,11.51Z\" transform=\"translate(-14.875 -11.252)\" fill=\"#0f499d\"\/>\n      <\/svg><\/a>\n                    <\/a> \n                <\/div>\n              <\/a>\n            <\/div>\n                    <\/div>\n        \n\n\n    \n        [\/vc_column][\/vc_row][vc_row][vc_column][vc_empty_space][\/vc_column][\/vc_row][vc_row][vc_column]\t\t\n\t\t<div class=\"file-wrap \" id=\"\">\n\t\t\t\t\t\t\t<a href=\"Pogosto zastavljena vpra\u0161anja - november 2024\" target=\"_blank\">pogosto-zastavljena-vprasanja-november-2024.pdf<\/a>\n\t\t\t\t<a href=\"Pogosto zastavljena vpra\u0161anja - november 2024\" target=\"_blank\" class=\"file-dl-btn\">\n\t\t\t\t\t<div class=\"file-dl-text\">Prenesi<\/div>\n\t\t\t\t\t<i class=\"fa fa-download file-dl-icon fa-dl-link\" aria-hidden=\"true\"><\/i>\n\t\t\t\t<\/a>\n\t\t\t\t\t<\/div>\n\n\t\t[\/vc_column][\/vc_row]<\/p>\n<\/div>","protected":false},"excerpt":{"rendered":"<p>[vc_row full_width=&#8221;stretch_row_content_no_spaces&#8221; el_class=&#8221;sp-page-title&#8221;][vc_column][\/vc_column][\/vc_row][vc_row][vc_column][vc_column_text css=&#8221;&#8221;]Voluntariat is continuously developing, adapting and expanding its activities to provide volunteers and other young people with opportunities for personal and professional growth in line with its mission and values, i.e. respecting social differences, diversity and the environment.[\/vc_column_text][\/vc_column][\/vc_row][vc_row][vc_column][\/vc_column][\/vc_row][vc_row][vc_column][vc_empty_space][\/vc_column][\/vc_row][vc_row][vc_column][\/vc_column][\/vc_row]<\/p>\n","protected":false},"author":1,"featured_media":0,"parent":1044,"menu_order":1,"comment_status":"closed","ping_status":"closed","template":"","meta":{"footnotes":""},"class_list":["post-1040","page","type-page","status-publish","hentry"],"yoast_head":"<!-- This site is optimized with the Yoast SEO plugin v21.3 - https:\/\/yoast.com\/wordpress\/plugins\/seo\/ -->\n<title>For volunteers - INSTITUTE for international volunteering VOLUNTARIAT<\/title>\n<meta name=\"description\" content=\"Voluntariat is continuously developing, adapting and expanding its activities to provide volunteers and other young people with opportunities for personal and professional growth in line with its mission and values,\" \/>\n<meta name=\"robots\" content=\"index, follow, max-snippet:-1, max-image-preview:large, max-video-preview:-1\" \/>\n<link rel=\"canonical\" href=\"https:\/\/www.zavod-voluntariat.si\/en\/activities\/for-volunteers\/\" \/>\n<meta property=\"og:locale\" content=\"en_US\" \/>\n<meta property=\"og:type\" content=\"article\" \/>\n<meta property=\"og:title\" content=\"For volunteers - INSTITUTE for international volunteering VOLUNTARIAT\" \/>\n<meta property=\"og:description\" content=\"[vc_row full_width=&#8221;stretch_row_content_no_spaces&#8221; el_class=&#8221;sp-page-title&#8221;][vc_column][\/vc_column][\/vc_row][vc_row][vc_column][vc_column_text css=&#8221;&#8221;]Voluntariat is continuously developing, adapting and expanding its activities to provide volunteers and other young people with opportunities for personal and professional growth in line with its mission and values, i.e. respecting social differences, diversity and the environment.[\/vc_column_text][\/vc_column][\/vc_row][vc_row][vc_column][\/vc_column][\/vc_row][vc_row][vc_column][vc_empty_space][\/vc_column][\/vc_row][vc_row][vc_column][\/vc_column][\/vc_row]\" \/>\n<meta property=\"og:url\" content=\"https:\/\/www.zavod-voluntariat.si\/en\/activities\/for-volunteers\/\" \/>\n<meta property=\"og:site_name\" content=\"INSTITUTE for international volunteering VOLUNTARIAT\" \/>\n<meta property=\"article:modified_time\" content=\"2025-06-13T10:50:56+00:00\" \/>\n<meta name=\"twitter:card\" content=\"summary_large_image\" \/>\n<meta name=\"twitter:label1\" content=\"Est. reading time\" \/>\n\t<meta name=\"twitter:data1\" content=\"1 minute\" \/>\n<script type=\"application\/ld+json\" class=\"yoast-schema-graph\">{\"@context\":\"https:\/\/schema.org\",\"@graph\":[{\"@type\":\"WebPage\",\"@id\":\"https:\/\/www.zavod-voluntariat.si\/en\/activities\/for-volunteers\/\",\"url\":\"https:\/\/www.zavod-voluntariat.si\/en\/activities\/for-volunteers\/\",\"name\":\"For volunteers - INSTITUTE for international volunteering VOLUNTARIAT\",\"isPartOf\":{\"@id\":\"https:\/\/www.zavod-voluntariat.si\/#website\"},\"datePublished\":\"2024-10-17T10:58:53+00:00\",\"dateModified\":\"2025-06-13T10:50:56+00:00\",\"breadcrumb\":{\"@id\":\"https:\/\/www.zavod-voluntariat.si\/en\/activities\/for-volunteers\/#breadcrumb\"},\"inLanguage\":\"en-US\",\"potentialAction\":[{\"@type\":\"ReadAction\",\"target\":[\"https:\/\/www.zavod-voluntariat.si\/en\/activities\/for-volunteers\/\"]}]},{\"@type\":\"BreadcrumbList\",\"@id\":\"https:\/\/www.zavod-voluntariat.si\/en\/activities\/for-volunteers\/#breadcrumb\",\"itemListElement\":[{\"@type\":\"ListItem\",\"position\":1,\"name\":\"Home\",\"item\":\"https:\/\/www.zavod-voluntariat.si\/en\/\"},{\"@type\":\"ListItem\",\"position\":2,\"name\":\"Activities\",\"item\":\"https:\/\/www.zavod-voluntariat.si\/en\/activities\/\"},{\"@type\":\"ListItem\",\"position\":3,\"name\":\"For volunteers\"}]},{\"@type\":\"WebSite\",\"@id\":\"https:\/\/www.zavod-voluntariat.si\/#website\",\"url\":\"https:\/\/www.zavod-voluntariat.si\/\",\"name\":\"INSTITUTE for international volunteering VOLUNTARIAT\",\"description\":\"\",\"potentialAction\":[{\"@type\":\"SearchAction\",\"target\":{\"@type\":\"EntryPoint\",\"urlTemplate\":\"https:\/\/www.zavod-voluntariat.si\/?s={search_term_string}\"},\"query-input\":\"required name=search_term_string\"}],\"inLanguage\":\"en-US\"}]}<\/script>\n<!-- \/ Yoast SEO plugin. -->","yoast_head_json":{"title":"For volunteers - INSTITUTE for international volunteering VOLUNTARIAT","description":"Voluntariat is continuously developing, adapting and expanding its activities to provide volunteers and other young people with opportunities for personal and professional growth in line with its mission and values,","robots":{"index":"index","follow":"follow","max-snippet":"max-snippet:-1","max-image-preview":"max-image-preview:large","max-video-preview":"max-video-preview:-1"},"canonical":"https:\/\/www.zavod-voluntariat.si\/en\/activities\/for-volunteers\/","og_locale":"en_US","og_type":"article","og_title":"For volunteers - INSTITUTE for international volunteering VOLUNTARIAT","og_description":"[vc_row full_width=&#8221;stretch_row_content_no_spaces&#8221; el_class=&#8221;sp-page-title&#8221;][vc_column][\/vc_column][\/vc_row][vc_row][vc_column][vc_column_text css=&#8221;&#8221;]Voluntariat is continuously developing, adapting and expanding its activities to provide volunteers and other young people with opportunities for personal and professional growth in line with its mission and values, i.e. respecting social differences, diversity and the environment.[\/vc_column_text][\/vc_column][\/vc_row][vc_row][vc_column][\/vc_column][\/vc_row][vc_row][vc_column][vc_empty_space][\/vc_column][\/vc_row][vc_row][vc_column][\/vc_column][\/vc_row]","og_url":"https:\/\/www.zavod-voluntariat.si\/en\/activities\/for-volunteers\/","og_site_name":"INSTITUTE for international volunteering VOLUNTARIAT","article_modified_time":"2025-06-13T10:50:56+00:00","twitter_card":"summary_large_image","twitter_misc":{"Est. reading time":"1 minute"},"schema":{"@context":"https:\/\/schema.org","@graph":[{"@type":"WebPage","@id":"https:\/\/www.zavod-voluntariat.si\/en\/activities\/for-volunteers\/","url":"https:\/\/www.zavod-voluntariat.si\/en\/activities\/for-volunteers\/","name":"For volunteers - INSTITUTE for international volunteering VOLUNTARIAT","isPartOf":{"@id":"https:\/\/www.zavod-voluntariat.si\/#website"},"datePublished":"2024-10-17T10:58:53+00:00","dateModified":"2025-06-13T10:50:56+00:00","breadcrumb":{"@id":"https:\/\/www.zavod-voluntariat.si\/en\/activities\/for-volunteers\/#breadcrumb"},"inLanguage":"en-US","potentialAction":[{"@type":"ReadAction","target":["https:\/\/www.zavod-voluntariat.si\/en\/activities\/for-volunteers\/"]}]},{"@type":"BreadcrumbList","@id":"https:\/\/www.zavod-voluntariat.si\/en\/activities\/for-volunteers\/#breadcrumb","itemListElement":[{"@type":"ListItem","position":1,"name":"Home","item":"https:\/\/www.zavod-voluntariat.si\/en\/"},{"@type":"ListItem","position":2,"name":"Activities","item":"https:\/\/www.zavod-voluntariat.si\/en\/activities\/"},{"@type":"ListItem","position":3,"name":"For volunteers"}]},{"@type":"WebSite","@id":"https:\/\/www.zavod-voluntariat.si\/#website","url":"https:\/\/www.zavod-voluntariat.si\/","name":"INSTITUTE for international volunteering VOLUNTARIAT","description":"","potentialAction":[{"@type":"SearchAction","target":{"@type":"EntryPoint","urlTemplate":"https:\/\/www.zavod-voluntariat.si\/?s={search_term_string}"},"query-input":"required name=search_term_string"}],"inLanguage":"en-US"}]}},"_links":{"self":[{"href":"https:\/\/www.zavod-voluntariat.si\/en\/wp-json\/wp\/v2\/pages\/1040","targetHints":{"allow":["GET"]}}],"collection":[{"href":"https:\/\/www.zavod-voluntariat.si\/en\/wp-json\/wp\/v2\/pages"}],"about":[{"href":"https:\/\/www.zavod-voluntariat.si\/en\/wp-json\/wp\/v2\/types\/page"}],"author":[{"embeddable":true,"href":"https:\/\/www.zavod-voluntariat.si\/en\/wp-json\/wp\/v2\/users\/1"}],"replies":[{"embeddable":true,"href":"https:\/\/www.zavod-voluntariat.si\/en\/wp-json\/wp\/v2\/comments?post=1040"}],"version-history":[{"count":1,"href":"https:\/\/www.zavod-voluntariat.si\/en\/wp-json\/wp\/v2\/pages\/1040\/revisions"}],"predecessor-version":[{"id":1629,"href":"https:\/\/www.zavod-voluntariat.si\/en\/wp-json\/wp\/v2\/pages\/1040\/revisions\/1629"}],"up":[{"embeddable":true,"href":"https:\/\/www.zavod-voluntariat.si\/en\/wp-json\/wp\/v2\/pages\/1044"}],"wp:attachment":[{"href":"https:\/\/www.zavod-voluntariat.si\/en\/wp-json\/wp\/v2\/media?parent=1040"}],"curies":[{"name":"wp","href":"https:\/\/api.w.org\/{rel}","templated":true}]}}